{"id":561,"date":"2023-08-16T15:50:21","date_gmt":"2023-08-16T15:50:21","guid":{"rendered":"https:\/\/barrabeachhouse.com\/?page_id=561"},"modified":"2023-08-18T14:26:30","modified_gmt":"2023-08-18T14:26:30","slug":"facilidades","status":"publish","type":"page","link":"https:\/\/barrabeachhouse.com\/fr\/facilidades\/","title":{"rendered":"Facilidades"},"content":{"rendered":"<div class=\"wp-block-cover alignfull is-light\" style=\"min-height:65vh;aspect-ratio:unset;\"><span aria-hidden=\"true\" class=\"wp-block-cover__background has-black-background-color has-background-dim-30 has-background-dim\"><\/span><img decoding=\"async\" class=\"wp-block-cover__image-background wp-image-533 lazyload\" alt=\"\" src=\"data:image\/gif;base64,R0lGODlhAQABAIAAAAAAAP\/\/\/yH5BAEAAAAALAAAAAABAAEAAAIBRAA7\" data-src=\"https:\/\/barrabeachhouse.com\/wp-content\/uploads\/2023\/08\/DJI_0008-scaled.jpg\" data-object-fit=\"cover\"\/><noscript><img decoding=\"async\" width=\"2560\" height=\"1920\" class=\"wp-block-cover__image-background wp-image-533 lazyload\" alt=\"\" src=\"https:\/\/barrabeachhouse.com\/wp-content\/uploads\/2023\/08\/DJI_0008-scaled.jpg\" data-object-fit=\"cover\" srcset=\"https:\/\/barrabeachhouse.com\/wp-content\/uploads\/2023\/08\/DJI_0008-scaled.jpg 2560w, https:\/\/barrabeachhouse.com\/wp-content\/uploads\/2023\/08\/DJI_0008-300x225.jpg 300w, https:\/\/barrabeachhouse.com\/wp-content\/uploads\/2023\/08\/DJI_0008-1024x768.jpg 1024w, https:\/\/barrabeachhouse.com\/wp-content\/uploads\/2023\/08\/DJI_0008-768x576.jpg 768w, https:\/\/barrabeachhouse.com\/wp-content\/uploads\/2023\/08\/DJI_0008-1536x1152.jpg 1536w, https:\/\/barrabeachhouse.com\/wp-content\/uploads\/2023\/08\/DJI_0008-2048x1536.jpg 2048w, https:\/\/barrabeachhouse.com\/wp-content\/uploads\/2023\/08\/DJI_0008-16x12.jpg 16w\" sizes=\"(max-width: 2560px) 100vw, 2560px\" \/><\/noscript><div class=\"wp-block-cover__inner-container is-layout-flow wp-block-cover-is-layout-flow\">\n<h1 class=\"wp-block-heading\">Facilidades<\/h1>\n\n\n\n<p>A Barra Beach House \u00e9 uma pousada localizada na bela praia de Barra do Fortim, um verdadeiro para\u00edso tropical. Al\u00e9m da localiza\u00e7\u00e3o privilegiada, a pousada oferece uma s\u00e9rie de facilidades para tornar a sua estadia ainda mais agrad\u00e1vel.<\/p>\n\n\n\n<ul class=\"wp-block-list\">\n<li>Quartos amplos e aconchegantes<\/li>\n\n\n\n<li>Localiza\u00e7\u00e3o privilegiada na bela praia de Fortim<\/li>\n\n\n\n<li>Acesso direto \u00e0 praia<\/li>\n\n\n\n<li>Estacionamento privativo gratuito<\/li>\n\n\n\n<li>Piscine en plein air<\/li>\n\n\n\n<li>Terra\u00e7o com vista para o mar<\/li>\n<\/ul>\n<\/div><\/div>\n\n\n\n<div class=\"inherit-container-width wp-block-group alignfull has-ast-global-color-5-background-color has-background is-layout-constrained wp-block-group-is-layout-constrained\">\n<div class=\"wp-block-columns alignwide are-vertically-aligned-bottom is-layout-flex wp-container-core-columns-is-layout-28f84493 wp-block-columns-is-layout-flex\">\n<div class=\"wp-block-column is-vertically-aligned-bottom is-layout-flow wp-block-column-is-layout-flow\">\n<h2 class=\"wp-block-heading\">Bem-vindo \u00e0 Barra Beach House<\/h2>\n\n\n\n<p>Localizada em Fortim, a Barra Beach House \u00e9 uma pousada que oferece conforto, lazer e excelentes servi\u00e7os para os seus h\u00f3spedes. Com quartos confort\u00e1veis e bem equipados, a pousada \u00e9 o lugar ideal para relaxar e desfrutar das belezas naturais da regi\u00e3o.<\/p>\n\n\n\n<p>Al\u00e9m disso, a Barra Beach House oferece diversas op\u00e7\u00f5es de lazer, como piscina ao ar livre, passeios de barco e kitesurf. Para quem gosta de aventura, o passeio de buggy \u00e9 uma \u00f3tima op\u00e7\u00e3o para conhecer as praias da regi\u00e3o e desfrutar de belas paisagens.<\/p>\n\n\n\n<h2 class=\"wp-block-heading\">Servi\u00e7os da pousada<\/h2>\n\n\n\n<ul class=\"wp-block-list\">\n<li>Chambres confortables et bien \u00e9quip\u00e9es<\/li>\n\n\n\n<li>Wi-Fi gratuito em todas as \u00e1reas da pousada<\/li>\n\n\n\n<li>Piscine en plein air<\/li>\n\n\n\n<li>Estacionamento gratuito<\/li>\n<\/ul>\n<\/div>\n<\/div>\n\n\n\n<div class=\"wp-block-columns alignwide are-vertically-aligned-top is-layout-flex wp-container-core-columns-is-layout-28f84493 wp-block-columns-is-layout-flex\"><\/div>\n\n\n\n<div class=\"wp-block-columns alignwide are-vertically-aligned-top is-layout-flex wp-container-core-columns-is-layout-28f84493 wp-block-columns-is-layout-flex\">\n<div class=\"wp-block-column is-vertically-aligned-top is-layout-flow wp-block-column-is-layout-flow\">\n<p class=\"has-ast-global-color-2-color has-text-color\"><strong>Localiza\u00e7\u00e3o Barra Beach House<\/strong><\/p>\n\n\n\n<div class=\"inherit-container-width wp-block-group alignfull has-ast-global-color-5-background-color has-background is-layout-constrained wp-block-group-is-layout-constrained\">\n<iframe class=\"lazyload\" data-src=\"https:\/\/www.google.com\/maps\/embed?pb=!1m18!1m12!1m3!1d1988.9674808293141!2d-37.779051831354984!3d-4.423219837589544!2m3!1f0!2f0!3f0!3m2!1i1024!2i768!4f13.1!3m3!1m2!1s0x7b84feedb224d8f%3A0xc774cd32e489bacd!2sBarra%20Beach%20House!5e0!3m2!1sen!2sie!4v1692029292394!5m2!1sen!2sie\" width=\"1400\" height=\"450\" style=\"border:0;\" allowfullscreen=\"\" loading=\"lazy\" referrerpolicy=\"no-referrer-when-downgrade\"><\/iframe>\n<\/div>\n<\/div>\n<\/div>\n<\/div>\n\n\n\n<div class=\"wp-block-cover alignfull is-light\"><span aria-hidden=\"true\" class=\"wp-block-cover__background has-background-dim\"><\/span><img decoding=\"async\" class=\"wp-block-cover__image-background wp-image-513 lazyload\" alt=\"\" src=\"data:image\/gif;base64,R0lGODlhAQABAIAAAAAAAP\/\/\/yH5BAEAAAAALAAAAAABAAEAAAIBRAA7\" data-src=\"https:\/\/barrabeachhouse.com\/wp-content\/uploads\/2023\/08\/DJI_0169-scaled.jpg\" data-object-fit=\"cover\"\/><noscript><img decoding=\"async\" width=\"2560\" height=\"1440\" class=\"wp-block-cover__image-background wp-image-513 lazyload\" alt=\"\" src=\"https:\/\/barrabeachhouse.com\/wp-content\/uploads\/2023\/08\/DJI_0169-scaled.jpg\" data-object-fit=\"cover\" srcset=\"https:\/\/barrabeachhouse.com\/wp-content\/uploads\/2023\/08\/DJI_0169-scaled.jpg 2560w, https:\/\/barrabeachhouse.com\/wp-content\/uploads\/2023\/08\/DJI_0169-300x169.jpg 300w, https:\/\/barrabeachhouse.com\/wp-content\/uploads\/2023\/08\/DJI_0169-1024x576.jpg 1024w, https:\/\/barrabeachhouse.com\/wp-content\/uploads\/2023\/08\/DJI_0169-768x432.jpg 768w, https:\/\/barrabeachhouse.com\/wp-content\/uploads\/2023\/08\/DJI_0169-1536x864.jpg 1536w, https:\/\/barrabeachhouse.com\/wp-content\/uploads\/2023\/08\/DJI_0169-2048x1152.jpg 2048w, https:\/\/barrabeachhouse.com\/wp-content\/uploads\/2023\/08\/DJI_0169-18x10.jpg 18w\" sizes=\"(max-width: 2560px) 100vw, 2560px\" \/><\/noscript><div class=\"wp-block-cover__inner-container is-layout-flow wp-block-cover-is-layout-flow\">\n<h2 class=\"wp-block-heading has-text-align-center \\&quot;has-text-align-center has-ast-global-color-7-color has-text-color\">Planifiez une exp\u00e9rience inoubliable \u00e0 Barra do Fortim d\u00e8s aujourd'hui !<\/h2>\n\n\n\n<p class=\"has-text-align-center \\&quot;has-text-align-center\\&quot; has-ast-global-color-7-color has-text-color\">Nous pouvons vous aider \u00e0 adapter votre s\u00e9jour et votre exp\u00e9rience en fonction de votre budget pr\u00e9vu.<\/p>\n\n\n\n<h2 class=\"wp-block-heading has-text-align-center \\&quot;has-text-align-center has-ast-global-color-7-color has-text-color\">R\u00e9servez votre s\u00e9jour d\u00e8s maintenant.<\/h2>\n\n\n\n<h2 class=\"wp-block-heading has-text-align-center \\&quot;has-text-align-center has-ast-global-color-7-color has-text-color\"><a href=\"https:\/\/wa.me\/message\/TCDS7NO6GO7CL1\" title=\"+55 88 99688-8548\">+55 88 99688-8548<\/a><\/h2>\n<\/div><\/div>","protected":false},"excerpt":{"rendered":"<p>Bem-vindo \u00e0 Barra Beach House Localizada em Fortim, a Barra Beach House \u00e9 uma pousada que oferece conforto, lazer e excelentes servi\u00e7os para os seus h\u00f3spedes. Com quartos confort\u00e1veis e bem equipados, a pousada \u00e9 o lugar ideal para relaxar e desfrutar das belezas naturais da regi\u00e3o. Al\u00e9m disso, a Barra Beach House oferece diversas &hellip;<\/p>\n<p class=\"read-more\"> <a class=\"\" href=\"https:\/\/barrabeachhouse.com\/fr\/facilidades\/\"> <span class=\"screen-reader-text\">Facilidades<\/span> Lire la suite\u00a0\u00bb<\/a><\/p>","protected":false},"author":1,"featured_media":0,"parent":0,"menu_order":0,"comment_status":"closed","ping_status":"closed","template":"","meta":{"_monsterinsights_skip_tracking":false,"_monsterinsights_sitenote_active":false,"_monsterinsights_sitenote_note":"","_monsterinsights_sitenote_category":0,"site-sidebar-layout":"no-sidebar","site-content-layout":"plain-container","ast-site-content-layout":"","site-content-style":"default","site-sidebar-style":"default","ast-global-header-display":"","ast-banner-title-visibility":"","ast-main-header-display":"","ast-hfb-above-header-display":"","ast-hfb-below-header-display":"","ast-hfb-mobile-header-display":"","site-post-title":"disabled","ast-breadcrumbs-content":"","ast-featured-img":"disabled","footer-sml-layout":"","theme-transparent-header-meta":"enabled","adv-header-id-meta":"","stick-header-meta":"","header-above-stick-meta":"","header-main-stick-meta":"","header-below-stick-meta":"","astra-migrate-meta-layouts":"","footnotes":""},"class_list":["post-561","page","type-page","status-publish","hentry"],"aioseo_notices":[],"_links":{"self":[{"href":"https:\/\/barrabeachhouse.com\/fr\/wp-json\/wp\/v2\/pages\/561","targetHints":{"allow":["GET"]}}],"collection":[{"href":"https:\/\/barrabeachhouse.com\/fr\/wp-json\/wp\/v2\/pages"}],"about":[{"href":"https:\/\/barrabeachhouse.com\/fr\/wp-json\/wp\/v2\/types\/page"}],"author":[{"embeddable":true,"href":"https:\/\/barrabeachhouse.com\/fr\/wp-json\/wp\/v2\/users\/1"}],"replies":[{"embeddable":true,"href":"https:\/\/barrabeachhouse.com\/fr\/wp-json\/wp\/v2\/comments?post=561"}],"version-history":[{"count":5,"href":"https:\/\/barrabeachhouse.com\/fr\/wp-json\/wp\/v2\/pages\/561\/revisions"}],"predecessor-version":[{"id":598,"href":"https:\/\/barrabeachhouse.com\/fr\/wp-json\/wp\/v2\/pages\/561\/revisions\/598"}],"wp:attachment":[{"href":"https:\/\/barrabeachhouse.com\/fr\/wp-json\/wp\/v2\/media?parent=561"}],"curies":[{"name":"wp","href":"https:\/\/api.w.org\/{rel}","templated":true}]}}