{"id":10,"date":"2021-05-12T05:15:20","date_gmt":"2021-05-12T05:15:20","guid":{"rendered":"https:\/\/barrabeachhouse.com\/rooms\/"},"modified":"2023-08-18T15:20:54","modified_gmt":"2023-08-18T15:20:54","slug":"chales","status":"publish","type":"page","link":"https:\/\/barrabeachhouse.com\/fr\/chales\/","title":{"rendered":"Chal\u00e9s"},"content":{"rendered":"<div class=\"wp-block-cover alignfull is-light\" style=\"min-height:65vh;aspect-ratio:unset;\"><span aria-hidden=\"true\" class=\"wp-block-cover__background has-black-background-color has-background-dim-30 has-background-dim\"><\/span><img decoding=\"async\" class=\"wp-block-cover__image-background wp-image-533 lazyload\" alt=\"\" src=\"data:image\/gif;base64,R0lGODlhAQABAIAAAAAAAP\/\/\/yH5BAEAAAAALAAAAAABAAEAAAIBRAA7\" data-src=\"https:\/\/barrabeachhouse.com\/wp-content\/uploads\/2023\/08\/DJI_0008-scaled.jpg\" data-object-fit=\"cover\"\/><noscript><img decoding=\"async\" width=\"2560\" height=\"1920\" class=\"wp-block-cover__image-background wp-image-533 lazyload\" alt=\"\" src=\"https:\/\/barrabeachhouse.com\/wp-content\/uploads\/2023\/08\/DJI_0008-scaled.jpg\" data-object-fit=\"cover\" srcset=\"https:\/\/barrabeachhouse.com\/wp-content\/uploads\/2023\/08\/DJI_0008-scaled.jpg 2560w, https:\/\/barrabeachhouse.com\/wp-content\/uploads\/2023\/08\/DJI_0008-300x225.jpg 300w, https:\/\/barrabeachhouse.com\/wp-content\/uploads\/2023\/08\/DJI_0008-1024x768.jpg 1024w, https:\/\/barrabeachhouse.com\/wp-content\/uploads\/2023\/08\/DJI_0008-768x576.jpg 768w, https:\/\/barrabeachhouse.com\/wp-content\/uploads\/2023\/08\/DJI_0008-1536x1152.jpg 1536w, https:\/\/barrabeachhouse.com\/wp-content\/uploads\/2023\/08\/DJI_0008-2048x1536.jpg 2048w, https:\/\/barrabeachhouse.com\/wp-content\/uploads\/2023\/08\/DJI_0008-16x12.jpg 16w\" sizes=\"(max-width: 2560px) 100vw, 2560px\" \/><\/noscript><div class=\"wp-block-cover__inner-container is-layout-flow wp-block-cover-is-layout-flow\">\n<h1 class=\"wp-block-heading has-white-color has-text-color\">Chal\u00e9s <br>Chambres et H\u00e9bergements<\/h1>\n\n\n\n<p>Se voc\u00ea est\u00e1 procurando um lar longe de casa, basta entrar aqui. <br>Voc\u00ea pode ter uma experi\u00eancia incr\u00edvel e relaxante enquanto est\u00e1 de f\u00e9rias. <br>D\u00ea uma olhada mais detalhada nos quartos que oferecemos e escolha o que \u00e9 ideal para voc\u00ea.<\/p>\n<\/div><\/div>\n\n\n\n<div class=\"inherit-container-width wp-block-group alignfull has-ast-global-color-5-background-color has-background is-layout-constrained wp-block-group-is-layout-constrained\">\n<div class=\"wp-block-columns alignwide are-vertically-aligned-bottom is-layout-flex wp-container-core-columns-is-layout-28f84493 wp-block-columns-is-layout-flex\">\n<div class=\"wp-block-column is-vertically-aligned-bottom is-layout-flow wp-block-column-is-layout-flow\">\n<h2 class=\"wp-block-heading has-text-align-left\">Venha e hospede-se conosco.<\/h2>\n\n\n\n<p>Escolha qualquer um dos nossos quartos da pousada para vivenciar a decora\u00e7\u00e3o encantadora, complementada com comodidades modernas para uma estadia confort\u00e1vel.<\/p>\n<\/div>\n\n\n\n<div class=\"wp-block-column is-vertically-aligned-bottom is-layout-flow wp-block-column-is-layout-flow\">\n<div class=\"wp-block-buttons is-horizontal is-content-justification-right is-layout-flex wp-container-core-buttons-is-layout-30af2ff6 wp-block-buttons-is-layout-flex\"><\/div>\n<\/div>\n<\/div>\n\n\n\n<div class=\"wp-block-columns alignwide are-vertically-aligned-top is-layout-flex wp-container-core-columns-is-layout-28f84493 wp-block-columns-is-layout-flex\">\n<div class=\"wp-block-column is-vertically-aligned-top is-layout-flow wp-block-column-is-layout-flow\">\n<figure class=\"wp-block-image size-full\"><img decoding=\"async\" src=\"data:image\/gif;base64,R0lGODlhAQABAIAAAAAAAP\/\/\/yH5BAEAAAAALAAAAAABAAEAAAIBRAA7\" data-src=\"https:\/\/barrabeachhouse.com\/wp-content\/uploads\/2023\/08\/Sem-nome-600-\u00d7-400-px.png\" alt=\"\" class=\"wp-image-528 lazyload\"\/><noscript><img decoding=\"async\" width=\"600\" height=\"400\" src=\"https:\/\/barrabeachhouse.com\/wp-content\/uploads\/2023\/08\/Sem-nome-600-\u00d7-400-px.png\" alt=\"\" class=\"wp-image-528 lazyload\" srcset=\"https:\/\/barrabeachhouse.com\/wp-content\/uploads\/2023\/08\/Sem-nome-600-\u00d7-400-px.png 600w, https:\/\/barrabeachhouse.com\/wp-content\/uploads\/2023\/08\/Sem-nome-600-\u00d7-400-px-300x200.png 300w, https:\/\/barrabeachhouse.com\/wp-content\/uploads\/2023\/08\/Sem-nome-600-\u00d7-400-px-18x12.png 18w\" sizes=\"(max-width: 600px) 100vw, 600px\" \/><\/noscript><\/figure>\n\n\n\n<h3 class=\"wp-block-heading\">Chal\u00e9 Duplo 2 quartos ( 6 pessoas ) <\/h3>\n\n\n\n<p>Desfrute do conforto do nosso Chal\u00e9 Duplo de 2 quartos, perfeito para grupos de at\u00e9 6 pessoas.<\/p>\n\n\n\n<div class=\"wp-block-buttons is-layout-flex wp-block-buttons-is-layout-flex\">\n<div class=\"wp-block-button\"><a class=\"wp-block-button__link wp-element-button\" href=\"https:\/\/www.booking.com\/hotel\/br\/barra-beach-house-fortim.pt-br.html\">Reserve agora<\/a><\/div>\n<\/div>\n<\/div>\n\n\n\n<div class=\"wp-block-column is-vertically-aligned-top is-layout-flow wp-block-column-is-layout-flow\">\n<figure class=\"wp-block-image size-full\"><img decoding=\"async\" src=\"data:image\/gif;base64,R0lGODlhAQABAIAAAAAAAP\/\/\/yH5BAEAAAAALAAAAAABAAEAAAIBRAA7\" data-src=\"https:\/\/barrabeachhouse.com\/wp-content\/uploads\/2023\/08\/Sem-nome-600-\u00d7-400-px-2.png\" alt=\"\" class=\"wp-image-531 lazyload\"\/><noscript><img decoding=\"async\" width=\"600\" height=\"400\" src=\"https:\/\/barrabeachhouse.com\/wp-content\/uploads\/2023\/08\/Sem-nome-600-\u00d7-400-px-2.png\" alt=\"\" class=\"wp-image-531 lazyload\" srcset=\"https:\/\/barrabeachhouse.com\/wp-content\/uploads\/2023\/08\/Sem-nome-600-\u00d7-400-px-2.png 600w, https:\/\/barrabeachhouse.com\/wp-content\/uploads\/2023\/08\/Sem-nome-600-\u00d7-400-px-2-300x200.png 300w, https:\/\/barrabeachhouse.com\/wp-content\/uploads\/2023\/08\/Sem-nome-600-\u00d7-400-px-2-18x12.png 18w\" sizes=\"(max-width: 600px) 100vw, 600px\" \/><\/noscript><\/figure>\n\n\n\n<h3 class=\"wp-block-heading\">Chal\u00e9 Duplo 1 quarto ( 2 pessoas)<\/h3>\n\n\n\n<p>Desfrute da intimidade do nosso Chal\u00e9 Duplo de 1 quarto, ideal para uma estadia aconchegante de 2 pessoas.<\/p>\n\n\n\n<div class=\"wp-block-buttons is-layout-flex wp-block-buttons-is-layout-flex\">\n<div class=\"wp-block-button\"><a class=\"wp-block-button__link wp-element-button\" href=\"https:\/\/www.booking.com\/hotel\/br\/barra-beach-house-fortim.pt-br.html\">Reserve agora<\/a><\/div>\n<\/div>\n<\/div>\n<\/div>\n\n\n\n<div class=\"wp-block-columns alignwide are-vertically-aligned-top is-layout-flex wp-container-core-columns-is-layout-28f84493 wp-block-columns-is-layout-flex\">\n<div class=\"wp-block-column is-vertically-aligned-top is-layout-flow wp-block-column-is-layout-flow\">\n<figure class=\"wp-block-image size-full\"><img decoding=\"async\" src=\"data:image\/gif;base64,R0lGODlhAQABAIAAAAAAAP\/\/\/yH5BAEAAAAALAAAAAABAAEAAAIBRAA7\" data-src=\"https:\/\/barrabeachhouse.com\/wp-content\/uploads\/2023\/08\/Sem-nome-600-\u00d7-400-px-1.png\" alt=\"\" class=\"wp-image-530 lazyload\"\/><noscript><img decoding=\"async\" width=\"600\" height=\"400\" src=\"https:\/\/barrabeachhouse.com\/wp-content\/uploads\/2023\/08\/Sem-nome-600-\u00d7-400-px-1.png\" alt=\"\" class=\"wp-image-530 lazyload\" srcset=\"https:\/\/barrabeachhouse.com\/wp-content\/uploads\/2023\/08\/Sem-nome-600-\u00d7-400-px-1.png 600w, https:\/\/barrabeachhouse.com\/wp-content\/uploads\/2023\/08\/Sem-nome-600-\u00d7-400-px-1-300x200.png 300w, https:\/\/barrabeachhouse.com\/wp-content\/uploads\/2023\/08\/Sem-nome-600-\u00d7-400-px-1-18x12.png 18w\" sizes=\"(max-width: 600px) 100vw, 600px\" \/><\/noscript><\/figure>\n\n\n\n<h3 class=\"wp-block-heading\">Chal\u00e9 triplo 1 quarto ( 3 pessoas) <\/h3>\n\n\n\n<p>Aproveite o espa\u00e7o acolhedor do nosso Chal\u00e9 Triplo de 1 quarto, perfeito para acomodar at\u00e9 3 pessoas com conforto.<\/p>\n\n\n\n<div class=\"wp-block-buttons is-layout-flex wp-block-buttons-is-layout-flex\">\n<div class=\"wp-block-button\"><a class=\"wp-block-button__link wp-element-button\" href=\"https:\/\/www.booking.com\/hotel\/br\/barra-beach-house-fortim.pt-br.html\">Reserve agora<\/a><\/div>\n<\/div>\n<\/div>\n\n\n\n<div class=\"wp-block-column is-vertically-aligned-top is-layout-flow wp-block-column-is-layout-flow\">\n<p class=\"has-ast-global-color-5-color has-text-color\">barra beach house<\/p>\n<\/div>\n<\/div>\n<\/div>\n\n\n\n<div class=\"wp-block-cover alignfull is-light\"><span aria-hidden=\"true\" class=\"wp-block-cover__background has-background-dim\"><\/span><img decoding=\"async\" class=\"wp-block-cover__image-background wp-image-513 lazyload\" alt=\"\" src=\"data:image\/gif;base64,R0lGODlhAQABAIAAAAAAAP\/\/\/yH5BAEAAAAALAAAAAABAAEAAAIBRAA7\" data-src=\"https:\/\/barrabeachhouse.com\/wp-content\/uploads\/2023\/08\/DJI_0169-scaled.jpg\" data-object-fit=\"cover\"\/><noscript><img decoding=\"async\" width=\"2560\" height=\"1440\" class=\"wp-block-cover__image-background wp-image-513 lazyload\" alt=\"\" src=\"https:\/\/barrabeachhouse.com\/wp-content\/uploads\/2023\/08\/DJI_0169-scaled.jpg\" data-object-fit=\"cover\" srcset=\"https:\/\/barrabeachhouse.com\/wp-content\/uploads\/2023\/08\/DJI_0169-scaled.jpg 2560w, https:\/\/barrabeachhouse.com\/wp-content\/uploads\/2023\/08\/DJI_0169-300x169.jpg 300w, https:\/\/barrabeachhouse.com\/wp-content\/uploads\/2023\/08\/DJI_0169-1024x576.jpg 1024w, https:\/\/barrabeachhouse.com\/wp-content\/uploads\/2023\/08\/DJI_0169-768x432.jpg 768w, https:\/\/barrabeachhouse.com\/wp-content\/uploads\/2023\/08\/DJI_0169-1536x864.jpg 1536w, https:\/\/barrabeachhouse.com\/wp-content\/uploads\/2023\/08\/DJI_0169-2048x1152.jpg 2048w, https:\/\/barrabeachhouse.com\/wp-content\/uploads\/2023\/08\/DJI_0169-18x10.jpg 18w\" sizes=\"(max-width: 2560px) 100vw, 2560px\" \/><\/noscript><div class=\"wp-block-cover__inner-container is-layout-flow wp-block-cover-is-layout-flow\">\n<h2 class=\"wp-block-heading has-text-align-center \\&quot;has-text-align-center has-ast-global-color-7-color has-text-color\">Planifiez une exp\u00e9rience inoubliable \u00e0 Barra do Fortim d\u00e8s aujourd'hui !<\/h2>\n\n\n\n<p class=\"has-text-align-center \\&quot;has-text-align-center\\&quot; has-ast-global-color-7-color has-text-color\">Nous pouvons vous aider \u00e0 adapter votre s\u00e9jour et votre exp\u00e9rience en fonction de votre budget pr\u00e9vu.<\/p>\n\n\n\n<h2 class=\"wp-block-heading has-text-align-center \\&quot;has-text-align-center has-ast-global-color-7-color has-text-color\">R\u00e9servez votre s\u00e9jour d\u00e8s maintenant.<\/h2>\n\n\n\n<h2 class=\"wp-block-heading has-text-align-center \\&quot;has-text-align-center has-ast-global-color-7-color has-text-color\"><a href=\"https:\/\/wa.me\/message\/TCDS7NO6GO7CL1\" title=\"+55 88 99688-8548\">+55 88 99688-8548<\/a><\/h2>\n<\/div><\/div>","protected":false},"excerpt":{"rendered":"<p>Venha e hospede-se conosco. Escolha qualquer um dos nossos quartos da pousada para vivenciar a decora\u00e7\u00e3o encantadora, complementada com comodidades modernas para uma estadia confort\u00e1vel. Chal\u00e9 Duplo 2 quartos ( 6 pessoas ) Desfrute do conforto do nosso Chal\u00e9 Duplo de 2 quartos, perfeito para grupos de at\u00e9 6 pessoas. Chal\u00e9 Duplo 1 quarto ( &hellip;<\/p>\n<p class=\"read-more\"> <a class=\"\" href=\"https:\/\/barrabeachhouse.com\/fr\/chales\/\"> <span class=\"screen-reader-text\">Chal\u00e9s<\/span> Lire la suite\u00a0\u00bb<\/a><\/p>","protected":false},"author":1,"featured_media":0,"parent":0,"menu_order":0,"comment_status":"closed","ping_status":"closed","template":"","meta":{"_monsterinsights_skip_tracking":false,"_monsterinsights_sitenote_active":false,"_monsterinsights_sitenote_note":"","_monsterinsights_sitenote_category":0,"site-sidebar-layout":"no-sidebar","site-content-layout":"plain-container","ast-site-content-layout":"","site-content-style":"default","site-sidebar-style":"default","ast-global-header-display":"","ast-banner-title-visibility":"","ast-main-header-display":"","ast-hfb-above-header-display":"","ast-hfb-below-header-display":"","ast-hfb-mobile-header-display":"","site-post-title":"disabled","ast-breadcrumbs-content":"","ast-featured-img":"disabled","footer-sml-layout":"","theme-transparent-header-meta":"enabled","adv-header-id-meta":"","stick-header-meta":"","header-above-stick-meta":"","header-main-stick-meta":"","header-below-stick-meta":"","astra-migrate-meta-layouts":"","footnotes":""},"class_list":["post-10","page","type-page","status-publish","hentry"],"aioseo_notices":[],"_links":{"self":[{"href":"https:\/\/barrabeachhouse.com\/fr\/wp-json\/wp\/v2\/pages\/10","targetHints":{"allow":["GET"]}}],"collection":[{"href":"https:\/\/barrabeachhouse.com\/fr\/wp-json\/wp\/v2\/pages"}],"about":[{"href":"https:\/\/barrabeachhouse.com\/fr\/wp-json\/wp\/v2\/types\/page"}],"author":[{"embeddable":true,"href":"https:\/\/barrabeachhouse.com\/fr\/wp-json\/wp\/v2\/users\/1"}],"replies":[{"embeddable":true,"href":"https:\/\/barrabeachhouse.com\/fr\/wp-json\/wp\/v2\/comments?post=10"}],"version-history":[{"count":6,"href":"https:\/\/barrabeachhouse.com\/fr\/wp-json\/wp\/v2\/pages\/10\/revisions"}],"predecessor-version":[{"id":570,"href":"https:\/\/barrabeachhouse.com\/fr\/wp-json\/wp\/v2\/pages\/10\/revisions\/570"}],"wp:attachment":[{"href":"https:\/\/barrabeachhouse.com\/fr\/wp-json\/wp\/v2\/media?parent=10"}],"curies":[{"name":"wp","href":"https:\/\/api.w.org\/{rel}","templated":true}]}}