{"id":8,"date":"2023-06-09T08:47:20","date_gmt":"2023-06-09T08:47:20","guid":{"rendered":"https:\/\/barrabeachhouse.com\/fortim\/?page_id=8"},"modified":"2023-09-06T10:07:17","modified_gmt":"2023-09-06T10:07:17","slug":"o-que-fazer-em-fortim","status":"publish","type":"page","link":"https:\/\/barrabeachhouse.com\/fortim\/o-que-fazer-em-fortim\/","title":{"rendered":"O que fazer em Fortim"},"content":{"rendered":"<link rel=\"stylesheet\" href=\"https:\/\/cdnjs.cloudflare.com\/ajax\/libs\/font-awesome\/6.4.0\/css\/all.min.css\" integrity=\"sha512-iecdLmaskl7CVkqkXNQ\/ZH\/XLlvWZOJyj7Yy7tcenmpD1ypASozpmT\/E0iPtmFIB46ZmdtAc9eNBvH0H\/ZpiBw==\" crossorigin=\"anonymous\" referrerpolicy=\"no-referrer\">\n<script src=\"https:\/\/cdnjs.cloudflare.com\/ajax\/libs\/font-awesome\/6.4.0\/js\/all.min.js\" integrity=\"sha512-fD9DI5bZwQxOi7MhYWnnNPlvXdp\/2Pj3XSTRrFs5FQa4mizyGLnJcN6tuvUS6LbmgN1ut+XGSABKvjN0H6Aoow==\" crossorigin=\"anonymous\" referrerpolicy=\"no-referrer\"><\/script><\/p>\n<style>\np {<br \/>\n  display: flex;<br \/>\n  align-items: center;<br \/>\n}<\/p>\n<p>p a {<br \/>\n  display: flex;<br \/>\n  align-items: center;<br \/>\n  margin-right: 20px; \/* Adjust the spacing between icons and text *\/<br \/>\n}<\/p>\n<p>p a i {<br \/>\n  margin-right: 10px; \/* Adjust the spacing between icon and text *\/<br \/>\n}<br \/>\n<\/style>\n<\/p>\n\n\n<p>Gostaria de lembrar que as informa\u00e7\u00f5es fornecidas aqui s\u00e3o apenas sugest\u00f5es e o cliente pessoa \u00e9 respons\u00e1vel por tomar suas pr\u00f3prias decis\u00f5es e cuidar de si mesmo. N\u00e3o possu\u00edmos parceria com nenhum restaurante ou empresa de passeios e n\u00e3o podemos garantir a qualidade ou disponibilidade dos servi\u00e7os oferecidos por terceiros. \u00c9 importante que cada indiv\u00edduo fa\u00e7a sua pr\u00f3pria pesquisa e tome suas pr\u00f3prias decis\u00f5es com base em suas necessidades e prefer\u00eancias.<\/p>\n\n\n\n<p><a href=\"https:\/\/barrabeachhouse.com\/fortim\/supermercados-no-fortim\/\" data-type=\"URL\" data-id=\"https:\/\/barrabeachhouse.com\/fortim\/supermercados-no-fortim\/\"> <i class=\"fa-solid fa-cart-shopping fa-5x\"><\/i> <br> Supermercados<\/a><\/p>\n\n\n<\/p>\n\n\n<p><a href=\"https:\/\/barrabeachhouse.com\/fortim\/restaurantes-e-pizzaria-no-canto-da-barra\/\" data-type=\"URL\" data-id=\"https:\/\/barrabeachhouse.com\/fortim\/restaurantes-e-pizzaria-no-canto-da-barra\/\"> <i class=\"fa-solid fa-utensils  fa-5x\"><\/i> <br> Restaurantes e Pizzaria no Canto da Barra<\/a><\/p>\n\n\n<\/p>\n\n\n<p><a href=\"https:\/\/barrabeachhouse.com\/fortim\/restaurantes\/\" data-type=\"URL\" data-id=\"https:\/\/barrabeachhouse.com\/fortim\/restaurantes\/\"> <i class=\"fa-solid fa-utensils  fa-5x\"><\/i> <br> Restaurantes<\/a><\/p>\n\n\n<\/p>\n\n\n<p><a href=\"https:\/\/barrabeachhouse.com\/fortim\/cafe-da-manha\/\" data-type=\"URL\" data-id=\"https:\/\/barrabeachhouse.com\/fortim\/cafe-da-manha\/\"><i class=\"fas fa-coffee  fa-5x\"><\/i> <br> Caf\u00e9 da manh\u00e3<\/a><\/p>\n\n\n<\/p>\n\n\n<p><a href=\"https:\/\/barrabeachhouse.com\/fortim\/almoco\/\" data-type=\"URL\" data-id=\"https:\/\/barrabeachhouse.com\/fortim\/almoco\/\"> <i class=\"fa-solid fa-bowl-food  fa-5x\"><\/i> <br> Onde Almo\u00e7ar<\/a><\/p>\n\n\n<\/p>\n\n\n<p><a href=\"https:\/\/barrabeachhouse.com\/fortim\/bares\" data-type=\"URL\" data-id=\"https:\/\/barrabeachhouse.com\/fortim\/bares\"> <i class=\"fa-solid fa-champagne-glasses  fa-5x\"><\/i> <br>Bares<\/a><\/p>\n\n\n<\/p>\n\n\n<p><a href=\"https:\/\/barrabeachhouse.com\/fortim\/dicas-do-que-fazer-na-barra\/\" data-type=\"URL\" data-id=\"https:\/\/barrabeachhouse.com\/fortim\/dicas-do-que-fazer-na-barra\/\"> <i class=\"fa-brands fa-gratipay  fa-5x\"><\/i> <br>Dicas do que fazer na Barra<\/a><\/p>\n\n\n<\/p>\n\n\n<p><a href=\"https:\/\/barrabeachhouse.com\/fortim\/por-do-sol\/\" data-type=\"URL\" data-id=\"https:\/\/barrabeachhouse.com\/fortim\/por-do-sol\/\"> <i class=\"fa-solid fa-sun  fa-5x\"><\/i> <br> Por do sol<\/a><\/p>\n\n\n<\/p>\n\n\n<p><a href=\"https:\/\/barrabeachhouse.com\/fortim\/jaguaribe-lodge\/\" data-type=\"URL\" data-id=\"https:\/\/barrabeachhouse.com\/fortim\/jaguaribe-lodge\/\"> <i class=\"fa-solid fa-map  fa-5x\"><\/i> <br> Jaguaribe Lodge<\/a><\/p>\n\n\n<\/p>\n\n\n<p><a href=\"https:\/\/barrabeachhouse.com\/fortim\/lual-no-fortim\/\" data-type=\"URL\" data-id=\"https:\/\/barrabeachhouse.com\/fortim\/lual-no-fortim\/\"> <i class=\"fa-solid fa-moon fa-5x\"><\/i> <br>Lual<\/a><\/p>\n\n\n<\/p>\n\n\n<p><a href=\"https:\/\/barrabeachhouse.com\/fortim\/delivery\/\" data-type=\"URL\" data-id=\"https:\/\/barrabeachhouse.com\/fortim\/delivery\/\"><i class=\"fa-solid fa-truck  fa-5x\"><\/i> <br> Delivery<\/a><\/p>\n\n\n\n<p><a href=\"https:\/\/barrabeachhouse.com\/fortim\/posto-de-gasolina\/\"><\/a><\/p>\n\n\n\n<p><a href=\"https:\/\/barrabeachhouse.com\/fortim\/posto-de-gasolina\/\"><i class=\"fas fa-gas-pump fa-5x\"><\/i><\/a><\/p>\n\n\n\n<p><a href=\"https:\/\/barrabeachhouse.com\/fortim\/posto-de-gasolina\/\">Posto de Gasolina<\/a><\/p>\n\n\n\n<p><a href=\"https:\/\/barrabeachhouse.com\/fortim\/farmacia\/\"><i class=\"fas fa-medkit fa-5x\"><\/i><\/a><\/p>\n\n\n\n<p><a href=\"https:\/\/barrabeachhouse.com\/fortim\/farmacia\/\">Farmacia<\/a><\/p>\n\n\n\n<p><a href=\"https:\/\/barrabeachhouse.com\/fortim\/praias\/\"><i class=\"fas fa-umbrella-beach fa-5x\"><\/i><\/a><\/p>\n\n\n\n<p><a href=\"https:\/\/barrabeachhouse.com\/fortim\/praias\/\">Praias<\/a><\/p>\n\n\n\n<p><a href=\"https:\/\/barrabeachhouse.com\/fortim\/padaria\/\"><i class=\"fas fa-bread-slice fa-5x\"><\/i><\/a><\/p>\n\n\n\n<p><a href=\"https:\/\/barrabeachhouse.com\/fortim\/padaria\/\">Padaria<\/a><\/p>\n\n\n\n<p><a href=\"https:\/\/barrabeachhouse.com\/fortim\/compre-peixe-camarao-e-lagosta\/\"><i class=\"fas fa-fish fa-5x\"><\/i><i class=\"fas fa-shrimp fa-5x\"><\/i><i class=\"fas fa-lobster fa-5x\"><\/i><\/a><\/p>\n\n\n\n<p><a href=\"https:\/\/barrabeachhouse.com\/fortim\/compre-peixe-camarao-e-lagosta\/\">Compre peixe, camar\u00e3o e lagosta.<\/a><\/p>\n","protected":false},"excerpt":{"rendered":"<p>Gostaria de lembrar que as informa\u00e7\u00f5es fornecidas aqui s\u00e3o apenas sugest\u00f5es e o cliente pessoa \u00e9 respons\u00e1vel por tomar suas pr\u00f3prias decis\u00f5es e cuidar de si mesmo. N\u00e3o possu\u00edmos parceria com nenhum restaurante ou empresa de passeios e n\u00e3o podemos garantir a qualidade ou disponibilidade dos servi\u00e7os oferecidos por terceiros. \u00c9 importante que cada indiv\u00edduo [&hellip;]<\/p>\n","protected":false},"author":1,"featured_media":0,"parent":0,"menu_order":0,"comment_status":"closed","ping_status":"closed","template":"","meta":{"footnotes":""},"_links":{"self":[{"href":"https:\/\/barrabeachhouse.com\/fortim\/wp-json\/wp\/v2\/pages\/8"}],"collection":[{"href":"https:\/\/barrabeachhouse.com\/fortim\/wp-json\/wp\/v2\/pages"}],"about":[{"href":"https:\/\/barrabeachhouse.com\/fortim\/wp-json\/wp\/v2\/types\/page"}],"author":[{"embeddable":true,"href":"https:\/\/barrabeachhouse.com\/fortim\/wp-json\/wp\/v2\/users\/1"}],"replies":[{"embeddable":true,"href":"https:\/\/barrabeachhouse.com\/fortim\/wp-json\/wp\/v2\/comments?post=8"}],"version-history":[{"count":38,"href":"https:\/\/barrabeachhouse.com\/fortim\/wp-json\/wp\/v2\/pages\/8\/revisions"}],"predecessor-version":[{"id":165,"href":"https:\/\/barrabeachhouse.com\/fortim\/wp-json\/wp\/v2\/pages\/8\/revisions\/165"}],"wp:attachment":[{"href":"https:\/\/barrabeachhouse.com\/fortim\/wp-json\/wp\/v2\/media?parent=8"}],"curies":[{"name":"wp","href":"https:\/\/api.w.org\/{rel}","templated":true}]}}